{"id":5617,"date":"2021-04-15T23:44:31","date_gmt":"2021-04-15T23:44:31","guid":{"rendered":"https:\/\/vrpelectric.com\/instalaciones-placas-solares\/"},"modified":"2023-11-08T09:47:57","modified_gmt":"2023-11-08T09:47:57","slug":"instalacions-panells-solars","status":"publish","type":"page","link":"https:\/\/vrpelectric.com\/ca\/instalacions-panells-solars\/","title":{"rendered":"Instal\u00b7lacions panells solars"},"content":{"rendered":"\n\n\t<section class=\"section dark has-parallax\" id=\"section_1298137766\">\n\t\t<div class=\"section-bg fill\" data-parallax-container=\".section\" data-parallax-background data-parallax=\"-7\">\n\t\t\t<img loading=\"lazy\" decoding=\"async\" width=\"1918\" height=\"674\" src=\"https:\/\/vrpelectric.com\/wp-content\/uploads\/2021\/04\/instalaciones-placas-solares-2.jpg\" class=\"bg attachment-original size-original\" alt=\"\" \/>\t\t\t\t\t\t\n\t\t\t\n\n\t\t<\/div>\n\n\t\t\n\n\t\t<div class=\"section-content relative\">\n\t\t\t\n\n\n\t\t<\/div>\n\n\t\t\n<style>\n#section_1298137766 {\n  padding-top: 30px;\n  padding-bottom: 30px;\n  min-height: 500px;\n}\n#section_1298137766 .section-bg img {\n  object-position: 50%50%;\n}\n<\/style>\n\t<\/section>\n\t\n\n\t<section class=\"section\" id=\"section_639834306\">\n\t\t<div class=\"section-bg fill\" >\n\t\t\t\t\t\t\t\t\t\n\t\t\t\n\n\t\t<\/div>\n\n\t\t\n\n\t\t<div class=\"section-content relative\">\n\t\t\t\n\n<div class=\"row align-center\" style=\"max-width:1200px\" id=\"row-404503942\">\n\n\n\t<div id=\"col-1874813929\" class=\"col small-12 large-12\"  >\n\t\t\t\t<div class=\"col-inner text-center\" style=\"background-color:rgb(255,255,255);\" >\n\t\t\t\n\t\t\t\n\n<h1><span style=\"font-size: 140%;\">INSTAL\u00b7LACIONS PANELLS  SOLARS<\/span><\/h1>\n<p><span style=\"font-size: 120%;\"><span style=\"font-weight: 400;\">La forma m\u00e9s senzilla de connectar-se al sol<\/span><\/span><\/p>\n\n\t<div id=\"gap-747869406\" class=\"gap-element clearfix\" style=\"display:block; height:auto;\">\n\t\t\n<style>\n#gap-747869406 {\n  padding-top: 30px;\n}\n<\/style>\n\t<\/div>\n\t\n\n<div class=\"row row-large align-center\"  id=\"row-10773022\">\n\n\n\t<div id=\"col-2122983153\" class=\"col medium-5 small-12 large-5\"  >\n\t\t\t\t<div class=\"col-inner\"  >\n\t\t\t\n\t\t\t\n\n\t<div class=\"img has-hover x md-x lg-x y md-y lg-y\" id=\"image_827558585\">\n\t\t\t\t\t\t\t\t<div class=\"img-inner dark\" >\n\t\t\t<img loading=\"lazy\" decoding=\"async\" width=\"750\" height=\"900\" src=\"https:\/\/vrpelectric.com\/wp-content\/uploads\/2021\/04\/instalaciones-placas-solares-iberdrola-vrp-electric-2.jpg\" class=\"attachment-original size-original\" alt=\"\" srcset=\"https:\/\/vrpelectric.com\/wp-content\/uploads\/2021\/04\/instalaciones-placas-solares-iberdrola-vrp-electric-2.jpg 750w, https:\/\/vrpelectric.com\/wp-content\/uploads\/2021\/04\/instalaciones-placas-solares-iberdrola-vrp-electric-2-250x300.jpg 250w\" sizes=\"auto, (max-width: 750px) 100vw, 750px\" \/>\t\t\t\t\t\t\n\t\t\t\t\t<\/div>\n\t\t\t\t\t\t\t\t\n<style>\n#image_827558585 {\n  width: 100%;\n}\n<\/style>\n\t<\/div>\n\t\n\n\n\t\t<\/div>\n\t\t\t\t\t<\/div>\n\n\t\n\n\t<div id=\"col-1513470714\" class=\"col medium-7 small-12 large-7\"  >\n\t\t\t\t<div class=\"col-inner\"  >\n\t\t\t\n\t\t\t\n\n\t<div id=\"text-558925478\" class=\"text\">\n\t\t\n\n<p><img loading=\"lazy\" decoding=\"async\" class=\"alignleft\" src=\"https:\/\/www.iberdrola.es\/webclipb\/gc\/prod\/adminwcm\/img\/estaticos\/generic\/smart-solar\/Icon-ahorro.svg\" alt=\"\" width=\"64\" height=\"64\"><\/p>\n<h3 class=\"titulo-ventaja\"><span style=\"font-weight: 400;\">Estalvi en la teua factura<\/span><\/h3>\n<hr>\n\t\t\n<style>\n#text-558925478 {\n  text-align: left;\n}\n<\/style>\n\t<\/div>\n\t\n\t<div id=\"text-4024679558\" class=\"text\">\n\t\t\n\n<p><img decoding=\"async\" class=\"alignleft\" src=\"https:\/\/www.iberdrola.es\/webclipb\/gc\/prod\/adminwcm\/img\/estaticos\/generic\/smart-solar\/icono-planeta.svg\"><\/p>\n<h3 class=\"titulo-ventaja\"><span style=\"font-weight: 400;\">Cuida el medi ambient<\/span><\/h3>\n<hr>\n\t\t\n<style>\n#text-4024679558 {\n  text-align: left;\n}\n<\/style>\n\t<\/div>\n\t\n\t<div id=\"text-1880159385\" class=\"text\">\n\t\t\n\n<p><img decoding=\"async\" class=\"alignleft\" src=\"https:\/\/www.iberdrola.es\/webclipb\/gc\/prod\/adminwcm\/img\/estaticos\/generic\/smart-solar\/icono-compensacion.svg\"><\/p>\n<h3 class=\"titulo-ventaja\"><span style=\"font-weight: 400;\">Compensaci\u00f3 d&#8217;excedents<\/span><\/h3>\n<hr>\n\t\t\n<style>\n#text-1880159385 {\n  text-align: left;\n}\n<\/style>\n\t<\/div>\n\t\n\t<div id=\"text-602092822\" class=\"text\">\n\t\t\n\n<p><img decoding=\"async\" class=\"alignleft\" src=\"https:\/\/www.iberdrola.es\/webclipb\/gc\/prod\/adminwcm\/img\/estaticos\/generic\/smart-solar\/icono-control.svg\"><\/p>\n<h3 class=\"titulo-ventaja\"><span style=\"font-weight: 400;\">Control de la teua energia<\/span><\/h3>\n<hr>\n\t\t\n<style>\n#text-602092822 {\n  text-align: left;\n}\n<\/style>\n\t<\/div>\n\t\n\t<div id=\"text-698356526\" class=\"text\">\n\t\t\n\n<p><img decoding=\"async\" class=\"alignleft\" src=\"https:\/\/www.iberdrola.es\/webclipb\/gc\/prod\/adminwcm\/img\/estaticos\/generic\/smart-solar\/icono-tarjeta.svg\"><\/p>\n<h3 class=\"titulo-ventaja\"><span style=\"font-weight: 400;\">Facilitat de pagament<\/span><\/h3>\n<hr>\n\t\t\n<style>\n#text-698356526 {\n  text-align: left;\n}\n<\/style>\n\t<\/div>\n\t\n\t<div id=\"text-3363147111\" class=\"text\">\n\t\t\n\n<p><img decoding=\"async\" class=\"alignleft\" src=\"https:\/\/www.iberdrola.es\/webclipb\/gc\/prod\/adminwcm\/img\/estaticos\/generic\/smart-solar\/icono-tranquilidad.svg\"><\/p>\n<h3 class=\"titulo-ventaja\">Tranquilitat<\/h3>\n<hr>\n\t\t\n<style>\n#text-3363147111 {\n  text-align: left;\n}\n<\/style>\n\t<\/div>\n\t\n\n\t\t<\/div>\n\t\t\t\t\t<\/div>\n\n\t\n\n<\/div>\n\n\t\t<\/div>\n\t\t\t\t\n<style>\n#col-1874813929 > .col-inner {\n  padding: 80px 40px 40px 40px;\n  margin: -80px 0px 0px 0px;\n}\n<\/style>\n\t<\/div>\n\n\t\n\n<\/div>\n\n\t\t<\/div>\n\n\t\t\n<style>\n#section_639834306 {\n  padding-top: 30px;\n  padding-bottom: 30px;\n}\n<\/style>\n\t<\/section>\n\t\n\n  <div class=\"banner has-hover\" id=\"banner-1333732223\">\n          <div class=\"banner-inner fill\">\n        <div class=\"banner-bg fill\" >\n            <img loading=\"lazy\" decoding=\"async\" width=\"1920\" height=\"500\" src=\"https:\/\/vrpelectric.com\/wp-content\/uploads\/2021\/04\/header-contacto.png\" class=\"bg attachment-original size-original\" alt=\"\" \/>                                    \n                    <\/div>\n\t\t\n        <div class=\"banner-layers container\">\n            <div class=\"fill banner-link\"><\/div>            \r\n\r\n   <div id=\"text-box-102001466\" class=\"text-box banner-layer x50 md-x50 lg-x50 y100 md-y100 lg-y100 res-text\">\n                                <div class=\"text-box-content text dark\">\n              \n              <div class=\"text-inner text-center\">\n                  \r\n\r\n\n<div class=\"wpcf7 no-js\" id=\"wpcf7-f5627-o1\" lang=\"es-ES\" dir=\"ltr\" data-wpcf7-id=\"5627\">\n<div class=\"screen-reader-response\"><p role=\"status\" aria-live=\"polite\" aria-atomic=\"true\"><\/p> <ul><\/ul><\/div>\n<form action=\"\/ca\/wp-json\/wp\/v2\/pages\/5617#wpcf7-f5627-o1\" method=\"post\" class=\"wpcf7-form init\" aria-label=\"Formulario de contacto\" novalidate=\"novalidate\" data-status=\"init\">\n<fieldset class=\"hidden-fields-container\"><input type=\"hidden\" name=\"_wpcf7\" value=\"5627\" \/><input type=\"hidden\" name=\"_wpcf7_version\" value=\"6.1.5\" \/><input type=\"hidden\" name=\"_wpcf7_locale\" value=\"es_ES\" \/><input type=\"hidden\" name=\"_wpcf7_unit_tag\" value=\"wpcf7-f5627-o1\" \/><input type=\"hidden\" name=\"_wpcf7_container_post\" value=\"0\" \/><input type=\"hidden\" name=\"_wpcf7_posted_data_hash\" value=\"\" \/>\n<\/fieldset>\n<h2  style=\"color:white;\"> Et cridem\n<\/h2>\n<p><span class=\"wpcf7-form-control-wrap\" data-name=\"tel-906\"><input size=\"40\" maxlength=\"400\" class=\"wpcf7-form-control wpcf7-tel wpcf7-text wpcf7-validates-as-tel\" aria-invalid=\"false\" placeholder=\"Introdueix ac\u00ed el teu n\u00famero de tel\u00e8fon i et cridem a l&#039;instant\" value=\"\" type=\"tel\" name=\"tel-906\" \/><\/span>\n<\/p>\n<p style=\"color:black;\"><span class=\"wpcf7-form-control-wrap\" data-name=\"acceptance-464\"><span class=\"wpcf7-form-control wpcf7-acceptance\"><span class=\"wpcf7-list-item\"><label><input type=\"checkbox\" name=\"acceptance-464\" value=\"1\" aria-invalid=\"false\" \/><span class=\"wpcf7-list-item-label\">He llegit i acepte la <a href=\"http:\/\/vrpelectric.com:8008\/politica-de-privacidad\/\"> pol\u00edtica de privacitat <\/a><\/span><\/label><\/span><\/span><\/span>\n<\/p>\n<p><input class=\"wpcf7-form-control wpcf7-submit has-spinner button alert small hvr-outline-out\" id=\"submit-now\" type=\"submit\" value=\"Enviar\" \/>\n<\/p><input type='hidden' class='wpcf7-pum' value='{\"closepopup\":false,\"closedelay\":0,\"openpopup\":false,\"openpopup_id\":0}' \/><div class=\"wpcf7-response-output\" aria-hidden=\"true\"><\/div>\n<\/form>\n<\/div>\n\r\n\r\n              <\/div>\n           <\/div>\n                            \n<style>\n#text-box-102001466 {\n  width: 98%;\n}\n#text-box-102001466 .text-box-content {\n  font-size: 100%;\n}\n<\/style>\n    <\/div>\n \r\n\r\n        <\/div>\n      <\/div>\n\n            \n<style>\n#banner-1333732223 {\n  padding-top: 260px;\n}\n<\/style>\n  <\/div>\n\n\n","protected":false},"excerpt":{"rendered":"","protected":false},"author":2,"featured_media":0,"parent":0,"menu_order":0,"comment_status":"closed","ping_status":"closed","template":"page-blank.php","meta":{"footnotes":""},"class_list":["post-5617","page","type-page","status-publish","hentry"],"yoast_head":"<!-- This site is optimized with the Yoast SEO plugin v27.2 - https:\/\/yoast.com\/product\/yoast-seo-wordpress\/ -->\n<title>Instal\u00b7lacions panells solars - VRP Electric<\/title>\n<meta name=\"robots\" content=\"index, follow, max-snippet:-1, max-image-preview:large, max-video-preview:-1\" \/>\n<link rel=\"canonical\" href=\"https:\/\/vrpelectric.com\/ca\/instalacions-panells-solars\/\" \/>\n<meta property=\"og:locale\" content=\"ca_ES\" \/>\n<meta property=\"og:type\" content=\"article\" \/>\n<meta property=\"og:title\" content=\"Instal\u00b7lacions panells solars - VRP Electric\" \/>\n<meta property=\"og:url\" content=\"https:\/\/vrpelectric.com\/ca\/instalacions-panells-solars\/\" \/>\n<meta property=\"og:site_name\" content=\"VRP Electric\" \/>\n<meta property=\"article:modified_time\" content=\"2023-11-08T09:47:57+00:00\" \/>\n<meta property=\"og:image\" content=\"https:\/\/www.iberdrola.es\/webclipb\/gc\/prod\/adminwcm\/img\/estaticos\/generic\/smart-solar\/Icon-ahorro.svg\" \/>\n<meta name=\"twitter:card\" content=\"summary_large_image\" \/>\n<meta name=\"twitter:label1\" content=\"Temps estimat de lectura\" \/>\n\t<meta name=\"twitter:data1\" content=\"1 minut\" \/>\n<script type=\"application\/ld+json\" class=\"yoast-schema-graph\">{\"@context\":\"https:\/\/schema.org\",\"@graph\":[{\"@type\":\"WebPage\",\"@id\":\"https:\/\/vrpelectric.com\/ca\/instalacions-panells-solars\/\",\"url\":\"https:\/\/vrpelectric.com\/ca\/instalacions-panells-solars\/\",\"name\":\"Instal\u00b7lacions panells solars - VRP Electric\",\"isPartOf\":{\"@id\":\"https:\/\/vrpelectric.com\/ca\/#website\"},\"primaryImageOfPage\":{\"@id\":\"https:\/\/vrpelectric.com\/ca\/instalacions-panells-solars\/#primaryimage\"},\"image\":{\"@id\":\"https:\/\/vrpelectric.com\/ca\/instalacions-panells-solars\/#primaryimage\"},\"thumbnailUrl\":\"https:\/\/www.iberdrola.es\/webclipb\/gc\/prod\/adminwcm\/img\/estaticos\/generic\/smart-solar\/Icon-ahorro.svg\",\"datePublished\":\"2021-04-15T23:44:31+00:00\",\"dateModified\":\"2023-11-08T09:47:57+00:00\",\"breadcrumb\":{\"@id\":\"https:\/\/vrpelectric.com\/ca\/instalacions-panells-solars\/#breadcrumb\"},\"inLanguage\":\"ca\",\"potentialAction\":[{\"@type\":\"ReadAction\",\"target\":[\"https:\/\/vrpelectric.com\/ca\/instalacions-panells-solars\/\"]}]},{\"@type\":\"ImageObject\",\"inLanguage\":\"ca\",\"@id\":\"https:\/\/vrpelectric.com\/ca\/instalacions-panells-solars\/#primaryimage\",\"url\":\"https:\/\/www.iberdrola.es\/webclipb\/gc\/prod\/adminwcm\/img\/estaticos\/generic\/smart-solar\/Icon-ahorro.svg\",\"contentUrl\":\"https:\/\/www.iberdrola.es\/webclipb\/gc\/prod\/adminwcm\/img\/estaticos\/generic\/smart-solar\/Icon-ahorro.svg\"},{\"@type\":\"BreadcrumbList\",\"@id\":\"https:\/\/vrpelectric.com\/ca\/instalacions-panells-solars\/#breadcrumb\",\"itemListElement\":[{\"@type\":\"ListItem\",\"position\":1,\"name\":\"Portada\",\"item\":\"https:\/\/vrpelectric.com\/ca\/\"},{\"@type\":\"ListItem\",\"position\":2,\"name\":\"Instal\u00b7lacions panells solars\"}]},{\"@type\":\"WebSite\",\"@id\":\"https:\/\/vrpelectric.com\/ca\/#website\",\"url\":\"https:\/\/vrpelectric.com\/ca\/\",\"name\":\"VRP Electric\",\"description\":\"Tecnolog\u00eda El\u00e9ctrica\",\"potentialAction\":[{\"@type\":\"SearchAction\",\"target\":{\"@type\":\"EntryPoint\",\"urlTemplate\":\"https:\/\/vrpelectric.com\/ca\/?s={search_term_string}\"},\"query-input\":{\"@type\":\"PropertyValueSpecification\",\"valueRequired\":true,\"valueName\":\"search_term_string\"}}],\"inLanguage\":\"ca\"}]}<\/script>\n<!-- \/ Yoast SEO plugin. -->","yoast_head_json":{"title":"Instal\u00b7lacions panells solars - VRP Electric","robots":{"index":"index","follow":"follow","max-snippet":"max-snippet:-1","max-image-preview":"max-image-preview:large","max-video-preview":"max-video-preview:-1"},"canonical":"https:\/\/vrpelectric.com\/ca\/instalacions-panells-solars\/","og_locale":"ca_ES","og_type":"article","og_title":"Instal\u00b7lacions panells solars - VRP Electric","og_url":"https:\/\/vrpelectric.com\/ca\/instalacions-panells-solars\/","og_site_name":"VRP Electric","article_modified_time":"2023-11-08T09:47:57+00:00","og_image":[{"url":"https:\/\/www.iberdrola.es\/webclipb\/gc\/prod\/adminwcm\/img\/estaticos\/generic\/smart-solar\/Icon-ahorro.svg","type":"","width":"","height":""}],"twitter_card":"summary_large_image","twitter_misc":{"Temps estimat de lectura":"1 minut"},"schema":{"@context":"https:\/\/schema.org","@graph":[{"@type":"WebPage","@id":"https:\/\/vrpelectric.com\/ca\/instalacions-panells-solars\/","url":"https:\/\/vrpelectric.com\/ca\/instalacions-panells-solars\/","name":"Instal\u00b7lacions panells solars - VRP Electric","isPartOf":{"@id":"https:\/\/vrpelectric.com\/ca\/#website"},"primaryImageOfPage":{"@id":"https:\/\/vrpelectric.com\/ca\/instalacions-panells-solars\/#primaryimage"},"image":{"@id":"https:\/\/vrpelectric.com\/ca\/instalacions-panells-solars\/#primaryimage"},"thumbnailUrl":"https:\/\/www.iberdrola.es\/webclipb\/gc\/prod\/adminwcm\/img\/estaticos\/generic\/smart-solar\/Icon-ahorro.svg","datePublished":"2021-04-15T23:44:31+00:00","dateModified":"2023-11-08T09:47:57+00:00","breadcrumb":{"@id":"https:\/\/vrpelectric.com\/ca\/instalacions-panells-solars\/#breadcrumb"},"inLanguage":"ca","potentialAction":[{"@type":"ReadAction","target":["https:\/\/vrpelectric.com\/ca\/instalacions-panells-solars\/"]}]},{"@type":"ImageObject","inLanguage":"ca","@id":"https:\/\/vrpelectric.com\/ca\/instalacions-panells-solars\/#primaryimage","url":"https:\/\/www.iberdrola.es\/webclipb\/gc\/prod\/adminwcm\/img\/estaticos\/generic\/smart-solar\/Icon-ahorro.svg","contentUrl":"https:\/\/www.iberdrola.es\/webclipb\/gc\/prod\/adminwcm\/img\/estaticos\/generic\/smart-solar\/Icon-ahorro.svg"},{"@type":"BreadcrumbList","@id":"https:\/\/vrpelectric.com\/ca\/instalacions-panells-solars\/#breadcrumb","itemListElement":[{"@type":"ListItem","position":1,"name":"Portada","item":"https:\/\/vrpelectric.com\/ca\/"},{"@type":"ListItem","position":2,"name":"Instal\u00b7lacions panells solars"}]},{"@type":"WebSite","@id":"https:\/\/vrpelectric.com\/ca\/#website","url":"https:\/\/vrpelectric.com\/ca\/","name":"VRP Electric","description":"Tecnolog\u00eda El\u00e9ctrica","potentialAction":[{"@type":"SearchAction","target":{"@type":"EntryPoint","urlTemplate":"https:\/\/vrpelectric.com\/ca\/?s={search_term_string}"},"query-input":{"@type":"PropertyValueSpecification","valueRequired":true,"valueName":"search_term_string"}}],"inLanguage":"ca"}]}},"_links":{"self":[{"href":"https:\/\/vrpelectric.com\/ca\/wp-json\/wp\/v2\/pages\/5617","targetHints":{"allow":["GET"]}}],"collection":[{"href":"https:\/\/vrpelectric.com\/ca\/wp-json\/wp\/v2\/pages"}],"about":[{"href":"https:\/\/vrpelectric.com\/ca\/wp-json\/wp\/v2\/types\/page"}],"author":[{"embeddable":true,"href":"https:\/\/vrpelectric.com\/ca\/wp-json\/wp\/v2\/users\/2"}],"replies":[{"embeddable":true,"href":"https:\/\/vrpelectric.com\/ca\/wp-json\/wp\/v2\/comments?post=5617"}],"version-history":[{"count":9,"href":"https:\/\/vrpelectric.com\/ca\/wp-json\/wp\/v2\/pages\/5617\/revisions"}],"predecessor-version":[{"id":5860,"href":"https:\/\/vrpelectric.com\/ca\/wp-json\/wp\/v2\/pages\/5617\/revisions\/5860"}],"wp:attachment":[{"href":"https:\/\/vrpelectric.com\/ca\/wp-json\/wp\/v2\/media?parent=5617"}],"curies":[{"name":"wp","href":"https:\/\/api.w.org\/{rel}","templated":true}]}}