{"id":5546,"date":"2021-04-20T21:14:47","date_gmt":"2021-04-20T21:14:47","guid":{"rendered":"https:\/\/vrpelectric.com\/instalaciones-electricas-de-media-tension\/"},"modified":"2023-12-12T15:34:53","modified_gmt":"2023-12-12T15:34:53","slug":"instalaciones-electriques-mitjana-tensio","status":"publish","type":"page","link":"https:\/\/vrpelectric.com\/ca\/instalaciones-electriques-mitjana-tensio\/","title":{"rendered":"Instal\u00b7lacions El\u00e8ctriques Mitjana Tensi\u00f3"},"content":{"rendered":"\n\n\t<section class=\"section\" id=\"section_352441745\">\n\t\t<div class=\"section-bg fill\" >\n\t\t\t<img loading=\"lazy\" decoding=\"async\" width=\"1920\" height=\"800\" src=\"https:\/\/vrpelectric.com\/wp-content\/uploads\/2021\/04\/instalaciones-electricas-media-tension-header.jpg\" class=\"bg attachment-original size-original\" alt=\"\" \/>\t\t\t\t\t\t<div class=\"section-bg-overlay absolute fill\"><\/div>\n\t\t\t\n\n\t\t<\/div>\n\n\t\t\n\n\t\t<div class=\"section-content relative\">\n\t\t\t\n\n<div class=\"row\" style=\"max-width:1200px\" id=\"row-407537411\">\n\n\n\t<div id=\"col-1560678973\" class=\"col medium-5 small-12 large-5\"  >\n\t\t\t\t<div class=\"col-inner\"  >\n\t\t\t\n\t\t\t\n\n\t<div id=\"gap-1455658641\" class=\"gap-element clearfix\" style=\"display:block; height:auto;\">\n\t\t\n<style>\n#gap-1455658641 {\n  padding-top: 0px;\n}\n@media (min-width:850px) {\n  #gap-1455658641 {\n    padding-top: 30px;\n  }\n}\n<\/style>\n\t<\/div>\n\t\n\n\n\t\t<\/div>\n\t\t\t\t\t<\/div>\n\n\t\n\n\t<div id=\"col-1555020533\" class=\"col medium-12 small-12 large-7\"  >\n\t\t\t\t<div class=\"col-inner dark\"  >\n\t\t\t\n\t\t\t\n\n\t<div id=\"gap-21870507\" class=\"gap-element clearfix\" style=\"display:block; height:auto;\">\n\t\t\n<style>\n#gap-21870507 {\n  padding-top: 20px;\n}\n<\/style>\n\t<\/div>\n\t\n\n\t<div id=\"text-3765651221\" class=\"text\">\n\t\t\n\n<\/p>\n<h6>serveis<\/h6>\n<p>\n\t\t\n<style>\n#text-3765651221 {\n  font-size: 1rem;\n}\n@media (min-width:550px) {\n  #text-3765651221 {\n    font-size: 1.25rem;\n  }\n}\n<\/style>\n\t<\/div>\n\t\n\t<div id=\"text-2197193034\" class=\"text\">\n\t\t\n\n<h1><span style=\"font-size: 75%;\">INSTAL\u00b7LACIONS EL\u00c8CTRIQUES<\/span> MITJANA TENSI\u00d3<\/h1>\n\t\t\n<style>\n#text-2197193034 {\n  font-size: 2.5rem;\n}\n@media (min-width:550px) {\n  #text-2197193034 {\n    font-size: 2.4rem;\n  }\n}\n<\/style>\n\t<\/div>\n\t\n\n\t\t<\/div>\n\t\t\t\t\n<style>\n#col-1555020533 > .col-inner {\n  padding: 0px 0px 0px 0;\n}\n@media (min-width:550px) {\n  #col-1555020533 > .col-inner {\n    padding: 0px 0px 0px 30px;\n  }\n}\n<\/style>\n\t<\/div>\n\n\t\n\n<\/div>\n\n\t\t<\/div>\n\n\t\t\n<style>\n#section_352441745 {\n  padding-top: 30px;\n  padding-bottom: 30px;\n  min-height: 300px;\n}\n#section_352441745 .section-bg-overlay {\n  background-color: rgba(0,0,0,.5);\n}\n#section_352441745 .section-bg img {\n  object-position: 65% 90%;\n}\n@media (min-width:550px) {\n  #section_352441745 {\n    min-height: 450px;\n  }\n}\n@media (min-width:850px) {\n  #section_352441745 {\n    min-height: 300px;\n  }\n}\n<\/style>\n\t<\/section>\n\t\n<div class=\"row\" style=\"max-width:1200px\" id=\"row-1171435089\">\n\n\n\t<div id=\"col-21441156\" class=\"col medium-12 small-12 large-5\"  >\n\t\t\t\t<div class=\"col-inner\"  >\n\t\t\t\n\t\t\t\n\n\n  <div class=\"banner has-hover\" id=\"banner-751963170\">\n          <div class=\"banner-inner fill\">\n        <div class=\"banner-bg fill\" >\n            <img loading=\"lazy\" decoding=\"async\" width=\"1000\" height=\"676\" src=\"https:\/\/vrpelectric.com\/wp-content\/uploads\/2021\/04\/instalaciones-electricas-media-tension.jpg\" class=\"bg attachment-original size-original\" alt=\"\" \/>                                    \n                    <\/div>\n\t\t\n        <div class=\"banner-layers container\">\n            <div class=\"fill banner-link\"><\/div>            \n\n\n        <\/div>\n      <\/div>\n\n            \n<style>\n#banner-751963170 {\n  padding-top: 300px;\n  background-color: rgb(255, 255, 255);\n}\n#banner-751963170 .banner-bg img {\n  object-position: 50% 56%;\n}\n@media (min-width:550px) {\n  #banner-751963170 {\n    padding-top: 500px;\n  }\n}\n@media (min-width:850px) {\n  #banner-751963170 {\n    padding-top: 650px;\n  }\n}\n<\/style>\n  <\/div>\n\n\n\t<div id=\"gap-494917494\" class=\"gap-element clearfix\" style=\"display:block; height:auto;\">\n\t\t\n<style>\n#gap-494917494 {\n  padding-top: 0px;\n}\n@media (min-width:850px) {\n  #gap-494917494 {\n    padding-top: 100px;\n  }\n}\n<\/style>\n\t<\/div>\n\t\n\n\n\t\t<\/div>\n\t\t\t\t\n<style>\n#col-21441156 > .col-inner {\n  margin: -100px 0px 0px 0px;\n}\n@media (min-width:550px) {\n  #col-21441156 > .col-inner {\n    margin: -150px 0px 0px 0px;\n  }\n}\n@media (min-width:850px) {\n  #col-21441156 > .col-inner {\n    margin: -330px 0px 0px 0px;\n  }\n}\n<\/style>\n\t<\/div>\n\n\t\n\n\t<div id=\"col-1870200639\" class=\"col medium-11 small-12 large-7\"  >\n\t\t\t\t<div class=\"col-inner\"  >\n\t\t\t\n\t\t\t\n\n\t<div id=\"gap-1413092826\" class=\"gap-element clearfix\" style=\"display:block; height:auto;\">\n\t\t\n<style>\n#gap-1413092826 {\n  padding-top: 30px;\n}\n<\/style>\n\t<\/div>\n\t\n\n<h2><span style=\"color: #0085c8;\">Instal\u00b7lacions Industrials i del Sector Terciari<\/span><\/h2>\n<hr \/>\n<p><b><span style=\"color: #0085c8;\">&gt;\u00a0<\/span><\/b><span style=\"font-weight: 400;\"><strong>Muntatge<\/strong> de Centres de Transformaci\u00f3.\u00a0<\/span><\/p>\n<p><span style=\"font-weight: 400;\"><b><span style=\"color: #0085c8;\">&gt;\u00a0<\/span><\/b><strong>Xarxes de Distribuci\u00f3<\/strong> de Mitjana Tensi\u00f3.<\/span><\/p>\n<p><span style=\"font-weight: 400;\"><b><span style=\"color: #0085c8;\">&gt;\u00a0<\/span><\/b><strong>Empresa Autoritzada<\/strong> per a la revisi\u00f3 i manteniment de Centres de Transformaci\u00f3, i L\u00ednies de Mitjana Tensi\u00f3.<\/span><\/p>\n\n\t\t<\/div>\n\t\t\t\t\n<style>\n#col-1870200639 > .col-inner {\n  padding: 0px 0px 0px 0;\n}\n@media (min-width:550px) {\n  #col-1870200639 > .col-inner {\n    padding: 0px 0px 0px 30px;\n  }\n}\n<\/style>\n\t<\/div>\n\n\t\n\n<\/div>\n\n  <div class=\"banner has-hover\" id=\"banner-1477336381\">\n          <div class=\"banner-inner fill\">\n        <div class=\"banner-bg fill\" >\n            <img loading=\"lazy\" decoding=\"async\" width=\"1920\" height=\"500\" src=\"https:\/\/vrpelectric.com\/wp-content\/uploads\/2021\/04\/header-contacto.png\" class=\"bg attachment-original size-original\" alt=\"\" \/>                                    \n                    <\/div>\n\t\t\n        <div class=\"banner-layers container\">\n            <div class=\"fill banner-link\"><\/div>            \r\n\r\n   <div id=\"text-box-55156979\" class=\"text-box banner-layer x50 md-x50 lg-x50 y100 md-y100 lg-y100 res-text\">\n                                <div class=\"text-box-content text dark\">\n              \n              <div class=\"text-inner text-center\">\n                  \r\n\r\n\n<div class=\"wpcf7 no-js\" id=\"wpcf7-f5532-o1\" lang=\"es-ES\" dir=\"ltr\" data-wpcf7-id=\"5532\">\n<div class=\"screen-reader-response\"><p role=\"status\" aria-live=\"polite\" aria-atomic=\"true\"><\/p> <ul><\/ul><\/div>\n<form action=\"\/ca\/wp-json\/wp\/v2\/pages\/5546#wpcf7-f5532-o1\" method=\"post\" class=\"wpcf7-form init\" aria-label=\"Formulario de contacto\" novalidate=\"novalidate\" data-status=\"init\">\n<fieldset class=\"hidden-fields-container\"><input type=\"hidden\" name=\"_wpcf7\" value=\"5532\" \/><input type=\"hidden\" name=\"_wpcf7_version\" value=\"6.1.5\" \/><input type=\"hidden\" name=\"_wpcf7_locale\" value=\"es_ES\" \/><input type=\"hidden\" name=\"_wpcf7_unit_tag\" value=\"wpcf7-f5532-o1\" \/><input type=\"hidden\" name=\"_wpcf7_container_post\" value=\"0\" \/><input type=\"hidden\" name=\"_wpcf7_posted_data_hash\" value=\"\" \/>\n<\/fieldset>\n<h2 style=\"color:white;\"> Necessites m\u00e9s informaci\u00f3? <b>Et cridem<\/b> <br \/>\n<span class=\"wpcf7-form-control-wrap\" data-name=\"tel-906\"><input size=\"40\" maxlength=\"400\" class=\"wpcf7-form-control wpcf7-tel wpcf7-text wpcf7-validates-as-tel\" aria-invalid=\"false\" placeholder=\"Introdueix ac\u00ed el teu n\u00famero de tel\u00e8fon i et cridem a l&#039;instant\" value=\"\" type=\"tel\" name=\"tel-906\" \/><\/span><br \/>\n\t<p style=\"color:black;\"><span class=\"wpcf7-form-control-wrap\" data-name=\"acceptance-464\"><span class=\"wpcf7-form-control wpcf7-acceptance\"><span class=\"wpcf7-list-item\"><label><input type=\"checkbox\" name=\"acceptance-464\" value=\"1\" aria-invalid=\"false\" \/><span class=\"wpcf7-list-item-label\">He llegit i acepte la <a href=\"http:\/\/vrpelectric.com:8008\/politica-de-privacidad\/\"> pol\u00edtica de privacitat <\/a><\/span><\/label><\/span><\/span><\/span>\n\t<\/p><br \/>\n\t<p><input class=\"wpcf7-form-control wpcf7-submit has-spinner button alert small hvr-outline-out\" id=\"submit-now\" type=\"submit\" value=\"Enviar\" \/>\n\t<\/p>\n<\/h2><input type='hidden' class='wpcf7-pum' value='{\"closepopup\":false,\"closedelay\":0,\"openpopup\":false,\"openpopup_id\":0}' \/><div class=\"wpcf7-response-output\" aria-hidden=\"true\"><\/div>\n<\/form>\n<\/div>\n\r\n\r\n              <\/div>\n           <\/div>\n                            \n<style>\n#text-box-55156979 {\n  width: 98%;\n}\n#text-box-55156979 .text-box-content {\n  font-size: 100%;\n}\n<\/style>\n    <\/div>\n \r\n\r\n        <\/div>\n      <\/div>\n\n            \n<style>\n#banner-1477336381 {\n  padding-top: 260px;\n}\n<\/style>\n  <\/div>\n\n\n\n\n","protected":false},"excerpt":{"rendered":"","protected":false},"author":2,"featured_media":0,"parent":0,"menu_order":0,"comment_status":"closed","ping_status":"closed","template":"page-blank.php","meta":{"footnotes":""},"class_list":["post-5546","page","type-page","status-publish","hentry"],"yoast_head":"<!-- This site is optimized with the Yoast SEO plugin v27.4 - https:\/\/yoast.com\/product\/yoast-seo-wordpress\/ -->\n<title>Instal\u00b7lacions El\u00e8ctriques Mitjana Tensi\u00f3 - VRP Electric<\/title>\n<meta name=\"robots\" content=\"index, follow, max-snippet:-1, max-image-preview:large, max-video-preview:-1\" \/>\n<link rel=\"canonical\" href=\"https:\/\/vrpelectric.com\/ca\/instalaciones-electriques-mitjana-tensio\/\" \/>\n<meta property=\"og:locale\" content=\"ca_ES\" \/>\n<meta property=\"og:type\" content=\"article\" \/>\n<meta property=\"og:title\" content=\"Instal\u00b7lacions El\u00e8ctriques Mitjana Tensi\u00f3 - VRP Electric\" \/>\n<meta property=\"og:url\" content=\"https:\/\/vrpelectric.com\/ca\/instalaciones-electriques-mitjana-tensio\/\" \/>\n<meta property=\"og:site_name\" content=\"VRP Electric\" \/>\n<meta property=\"article:modified_time\" content=\"2023-12-12T15:34:53+00:00\" \/>\n<meta name=\"twitter:card\" content=\"summary_large_image\" \/>\n<meta name=\"twitter:label1\" content=\"Temps estimat de lectura\" \/>\n\t<meta name=\"twitter:data1\" content=\"1 minut\" \/>\n<script type=\"application\/ld+json\" class=\"yoast-schema-graph\">{\"@context\":\"https:\\\/\\\/schema.org\",\"@graph\":[{\"@type\":\"WebPage\",\"@id\":\"https:\\\/\\\/vrpelectric.com\\\/ca\\\/instalaciones-electriques-mitjana-tensio\\\/\",\"url\":\"https:\\\/\\\/vrpelectric.com\\\/ca\\\/instalaciones-electriques-mitjana-tensio\\\/\",\"name\":\"Instal\u00b7lacions El\u00e8ctriques Mitjana Tensi\u00f3 - VRP Electric\",\"isPartOf\":{\"@id\":\"https:\\\/\\\/vrpelectric.com\\\/ca\\\/#website\"},\"datePublished\":\"2021-04-20T21:14:47+00:00\",\"dateModified\":\"2023-12-12T15:34:53+00:00\",\"breadcrumb\":{\"@id\":\"https:\\\/\\\/vrpelectric.com\\\/ca\\\/instalaciones-electriques-mitjana-tensio\\\/#breadcrumb\"},\"inLanguage\":\"ca\",\"potentialAction\":[{\"@type\":\"ReadAction\",\"target\":[\"https:\\\/\\\/vrpelectric.com\\\/ca\\\/instalaciones-electriques-mitjana-tensio\\\/\"]}]},{\"@type\":\"BreadcrumbList\",\"@id\":\"https:\\\/\\\/vrpelectric.com\\\/ca\\\/instalaciones-electriques-mitjana-tensio\\\/#breadcrumb\",\"itemListElement\":[{\"@type\":\"ListItem\",\"position\":1,\"name\":\"Portada\",\"item\":\"https:\\\/\\\/vrpelectric.com\\\/ca\\\/\"},{\"@type\":\"ListItem\",\"position\":2,\"name\":\"Instal\u00b7lacions El\u00e8ctriques Mitjana Tensi\u00f3\"}]},{\"@type\":\"WebSite\",\"@id\":\"https:\\\/\\\/vrpelectric.com\\\/ca\\\/#website\",\"url\":\"https:\\\/\\\/vrpelectric.com\\\/ca\\\/\",\"name\":\"VRP Electric\",\"description\":\"Tecnolog\u00eda El\u00e9ctrica\",\"potentialAction\":[{\"@type\":\"SearchAction\",\"target\":{\"@type\":\"EntryPoint\",\"urlTemplate\":\"https:\\\/\\\/vrpelectric.com\\\/ca\\\/?s={search_term_string}\"},\"query-input\":{\"@type\":\"PropertyValueSpecification\",\"valueRequired\":true,\"valueName\":\"search_term_string\"}}],\"inLanguage\":\"ca\"}]}<\/script>\n<!-- \/ Yoast SEO plugin. -->","yoast_head_json":{"title":"Instal\u00b7lacions El\u00e8ctriques Mitjana Tensi\u00f3 - VRP Electric","robots":{"index":"index","follow":"follow","max-snippet":"max-snippet:-1","max-image-preview":"max-image-preview:large","max-video-preview":"max-video-preview:-1"},"canonical":"https:\/\/vrpelectric.com\/ca\/instalaciones-electriques-mitjana-tensio\/","og_locale":"ca_ES","og_type":"article","og_title":"Instal\u00b7lacions El\u00e8ctriques Mitjana Tensi\u00f3 - VRP Electric","og_url":"https:\/\/vrpelectric.com\/ca\/instalaciones-electriques-mitjana-tensio\/","og_site_name":"VRP Electric","article_modified_time":"2023-12-12T15:34:53+00:00","twitter_card":"summary_large_image","twitter_misc":{"Temps estimat de lectura":"1 minut"},"schema":{"@context":"https:\/\/schema.org","@graph":[{"@type":"WebPage","@id":"https:\/\/vrpelectric.com\/ca\/instalaciones-electriques-mitjana-tensio\/","url":"https:\/\/vrpelectric.com\/ca\/instalaciones-electriques-mitjana-tensio\/","name":"Instal\u00b7lacions El\u00e8ctriques Mitjana Tensi\u00f3 - VRP Electric","isPartOf":{"@id":"https:\/\/vrpelectric.com\/ca\/#website"},"datePublished":"2021-04-20T21:14:47+00:00","dateModified":"2023-12-12T15:34:53+00:00","breadcrumb":{"@id":"https:\/\/vrpelectric.com\/ca\/instalaciones-electriques-mitjana-tensio\/#breadcrumb"},"inLanguage":"ca","potentialAction":[{"@type":"ReadAction","target":["https:\/\/vrpelectric.com\/ca\/instalaciones-electriques-mitjana-tensio\/"]}]},{"@type":"BreadcrumbList","@id":"https:\/\/vrpelectric.com\/ca\/instalaciones-electriques-mitjana-tensio\/#breadcrumb","itemListElement":[{"@type":"ListItem","position":1,"name":"Portada","item":"https:\/\/vrpelectric.com\/ca\/"},{"@type":"ListItem","position":2,"name":"Instal\u00b7lacions El\u00e8ctriques Mitjana Tensi\u00f3"}]},{"@type":"WebSite","@id":"https:\/\/vrpelectric.com\/ca\/#website","url":"https:\/\/vrpelectric.com\/ca\/","name":"VRP Electric","description":"Tecnolog\u00eda El\u00e9ctrica","potentialAction":[{"@type":"SearchAction","target":{"@type":"EntryPoint","urlTemplate":"https:\/\/vrpelectric.com\/ca\/?s={search_term_string}"},"query-input":{"@type":"PropertyValueSpecification","valueRequired":true,"valueName":"search_term_string"}}],"inLanguage":"ca"}]}},"_links":{"self":[{"href":"https:\/\/vrpelectric.com\/ca\/wp-json\/wp\/v2\/pages\/5546","targetHints":{"allow":["GET"]}}],"collection":[{"href":"https:\/\/vrpelectric.com\/ca\/wp-json\/wp\/v2\/pages"}],"about":[{"href":"https:\/\/vrpelectric.com\/ca\/wp-json\/wp\/v2\/types\/page"}],"author":[{"embeddable":true,"href":"https:\/\/vrpelectric.com\/ca\/wp-json\/wp\/v2\/users\/2"}],"replies":[{"embeddable":true,"href":"https:\/\/vrpelectric.com\/ca\/wp-json\/wp\/v2\/comments?post=5546"}],"version-history":[{"count":3,"href":"https:\/\/vrpelectric.com\/ca\/wp-json\/wp\/v2\/pages\/5546\/revisions"}],"predecessor-version":[{"id":5551,"href":"https:\/\/vrpelectric.com\/ca\/wp-json\/wp\/v2\/pages\/5546\/revisions\/5551"}],"wp:attachment":[{"href":"https:\/\/vrpelectric.com\/ca\/wp-json\/wp\/v2\/media?parent=5546"}],"curies":[{"name":"wp","href":"https:\/\/api.w.org\/{rel}","templated":true}]}}